{"id":9141,"date":"2023-08-15T12:42:00","date_gmt":"2023-08-15T16:42:00","guid":{"rendered":"https:\/\/fondationguidomolinari.org\/en\/?page_id=9141"},"modified":"2025-08-15T17:32:51","modified_gmt":"2025-08-15T21:32:51","slug":"educational-offer","status":"publish","type":"page","link":"https:\/\/fondationguidomolinari.org\/en\/education\/educational-offer\/","title":{"rendered":"Educational Actions"},"content":{"rendered":"\n<p>The Foundation wishes to offer teachers resources and tools to introduce their students to contemporary art and the work of Guido Molinari. We offer free workshops and custom tours for all kinds of audiences, including school groups, day camps, community groups and families.<\/p>\n\n\n\n<p>Contact our <a href=\"mailto:laurence@fondationguidomolinari.org\">mediation manager<\/a> for more information and to find out how we can accommodate your group&#8217;s needs.<\/p>\n\n\n<div class=\"gb-container gb-container-7c812e86\">\n\n<div class=\"wp-block-columns is-layout-flex wp-container-core-columns-is-layout-9d6595d7 wp-block-columns-is-layout-flex\">\n<div class=\"wp-block-column is-layout-flow wp-block-column-is-layout-flow\" style=\"flex-basis:66.66%\">\n<p class=\"has-text-align-center has-contrast-3-background-color has-background\"><strong>Le son des mots<\/strong> &#8211; At all times<\/p>\n\n\n\n<p class=\"has-contrast-3-background-color has-background has-small-font-size\">Slip into the shoes of a poet! Through games that use words, sounds and rhymes, children learn to write their own poem. They&#8217;ll mix and match words to explore new ways of expressing emotions, recounting fond memories and inventing new stories.<br><br>This activity is given in French only and in accordance to the Minist\u00e8re de l&#8217;\u00c9ducation&#8217;s Programme de formation de l&#8217;\u00e9cole qu\u00e9b\u00e9coise.<\/p>\n<\/div>\n\n\n\n<div class=\"wp-block-column is-layout-flow wp-block-column-is-layout-flow\" style=\"flex-basis:33.33%\"><div class=\"wp-block-image\">\n<figure class=\"aligncenter size-full\"><img decoding=\"async\" src=\"https:\/\/fondationguidomolinari.org\/wp-content\/uploads\/2024\/06\/Visuels-site-web.jpg\" alt=\"\" class=\"wp-image-10524\" style=\"aspect-ratio:4\/3;object-fit:cover\"\/><\/figure>\n<\/div><\/div>\n<\/div>\n\n\n\n<div class=\"wp-block-columns is-layout-flex wp-container-core-columns-is-layout-9d6595d7 wp-block-columns-is-layout-flex\">\n<div class=\"wp-block-column is-layout-flow wp-block-column-is-layout-flow\" style=\"flex-basis:66.66%\">\n<div class=\"wp-block-buttons is-content-justification-center is-layout-flex wp-container-core-buttons-is-layout-16018d1d wp-block-buttons-is-layout-flex\">\n<div class=\"wp-block-button\"><a class=\"wp-block-button__link has-text-align-center wp-element-button\" href=\"https:\/\/fondationguidomolinari.org\/wp-content\/uploads\/2025\/08\/FGM_Le-son-des-mots.pdf\" target=\"_blank\" rel=\"noreferrer noopener\">View the complete activity description<\/a><\/div>\n<\/div>\n<\/div>\n\n\n\n<div class=\"wp-block-column is-layout-flow wp-block-column-is-layout-flow\" style=\"flex-basis:33.33%\">\n<div class=\"wp-block-buttons is-content-justification-center is-layout-flex wp-container-core-buttons-is-layout-16018d1d wp-block-buttons-is-layout-flex\">\n<div class=\"wp-block-button\"><a class=\"wp-block-button__link has-text-align-center wp-element-button\" href=\"mailto:laurence@fondationguidomolinari.org\">Book<\/a><\/div>\n<\/div>\n<\/div>\n<\/div>\n\n<\/div>\n\n<div class=\"gb-container gb-container-131230a4\">\n\n<div class=\"wp-block-columns is-layout-flex wp-container-core-columns-is-layout-9d6595d7 wp-block-columns-is-layout-flex\">\n<div class=\"wp-block-column is-layout-flow wp-block-column-is-layout-flow\" style=\"flex-basis:66.66%\">\n<p class=\"has-text-align-center has-contrast-3-background-color has-background\"><strong>Hard-edge painting activity<\/strong> &#8211; At all times<\/p>\n\n\n\n<p class=\"has-text-align-left has-contrast-3-background-color has-background has-small-font-size\">Workshop to create works of art using Guido Molinari\u2019s favorite techniques. Use tape to create vertical strips, triangles and grids that can be painted in any colour. Learn to play with colours and what they can evoke.<br><br>This activity is given in accordance to the Minist\u00e8re de l&#8217;\u00c9ducation&#8217;s Programme de formation de l&#8217;\u00e9cole qu\u00e9b\u00e9coise.<\/p>\n<\/div>\n\n\n\n<div class=\"wp-block-column is-layout-flow wp-block-column-is-layout-flow\" style=\"flex-basis:33.33%\">\n<figure class=\"wp-block-image size-full\"><img loading=\"lazy\" decoding=\"async\" width=\"1578\" height=\"1198\" src=\"https:\/\/fondationguidomolinari.org\/en\/wp-content\/uploads\/sites\/2\/2025\/08\/Capture-decran-le-2025-08-15-a-11.37.18.png\" alt=\"\" class=\"wp-image-10778\" style=\"aspect-ratio:4\/3;object-fit:cover\" srcset=\"https:\/\/fondationguidomolinari.org\/en\/wp-content\/uploads\/sites\/2\/2025\/08\/Capture-decran-le-2025-08-15-a-11.37.18.png 1578w, https:\/\/fondationguidomolinari.org\/en\/wp-content\/uploads\/sites\/2\/2025\/08\/Capture-decran-le-2025-08-15-a-11.37.18-300x228.png 300w, https:\/\/fondationguidomolinari.org\/en\/wp-content\/uploads\/sites\/2\/2025\/08\/Capture-decran-le-2025-08-15-a-11.37.18-1024x777.png 1024w, https:\/\/fondationguidomolinari.org\/en\/wp-content\/uploads\/sites\/2\/2025\/08\/Capture-decran-le-2025-08-15-a-11.37.18-768x583.png 768w, https:\/\/fondationguidomolinari.org\/en\/wp-content\/uploads\/sites\/2\/2025\/08\/Capture-decran-le-2025-08-15-a-11.37.18-1536x1166.png 1536w\" sizes=\"auto, (max-width: 1578px) 100vw, 1578px\" \/><figcaption class=\"wp-element-caption\">Guido Molinari, <em>S\u00e9riel<\/em> (detail), 1970. Photo: Mike Patten.<\/figcaption><\/figure>\n<\/div>\n<\/div>\n\n\n\n<div class=\"wp-block-columns is-layout-flex wp-container-core-columns-is-layout-9d6595d7 wp-block-columns-is-layout-flex\">\n<div class=\"wp-block-column is-layout-flow wp-block-column-is-layout-flow\" style=\"flex-basis:66.66%\">\n<div class=\"wp-block-buttons is-content-justification-center is-layout-flex wp-container-core-buttons-is-layout-16018d1d wp-block-buttons-is-layout-flex\">\n<div class=\"wp-block-button\"><a class=\"wp-block-button__link has-text-align-center wp-element-button\" href=\"https:\/\/fondationguidomolinari.org\/wp-content\/uploads\/2025\/08\/FGM_Atelier-hard-edge.pdf\" target=\"_blank\" rel=\"noreferrer noopener\">View the complete activity description<\/a><\/div>\n<\/div>\n<\/div>\n\n\n\n<div class=\"wp-block-column is-layout-flow wp-block-column-is-layout-flow\" style=\"flex-basis:33.33%\">\n<div class=\"wp-block-buttons is-content-justification-center is-layout-flex wp-container-core-buttons-is-layout-16018d1d wp-block-buttons-is-layout-flex\">\n<div class=\"wp-block-button\"><a class=\"wp-block-button__link has-text-align-center wp-element-button\" href=\"mailto:laurence@fondationguidomolinari.org\">Book<\/a><\/div>\n<\/div>\n<\/div>\n<\/div>\n\n<\/div>\n\n<div class=\"gb-container gb-container-453f1810\">\n\n<div class=\"wp-block-columns is-layout-flex wp-container-core-columns-is-layout-9d6595d7 wp-block-columns-is-layout-flex\">\n<div class=\"wp-block-column is-layout-flow wp-block-column-is-layout-flow\" style=\"flex-basis:66.66%\">\n<p class=\"has-text-align-center has-contrast-3-background-color has-background\"><strong>Affiche tes couleurs !<\/strong> &#8211; At all times<\/p>\n\n\n\n<p class=\"has-text-align-left has-contrast-3-background-color has-background has-small-font-size\">Did you know? Molinari produced a poster for the 1976 Montreal Olympics. Create your own using available materials (pencils, paint, paper) and explore the links between art and sports.<br><br>This activity is given in accordance to the Minist\u00e8re de l&#8217;\u00c9ducation&#8217;s Programme de formation de l&#8217;\u00e9cole qu\u00e9b\u00e9coise.<\/p>\n<\/div>\n\n\n\n<div class=\"wp-block-column is-layout-flow wp-block-column-is-layout-flow\" style=\"flex-basis:33.33%\"><div class=\"wp-block-image\">\n<figure class=\"aligncenter size-full\"><img decoding=\"async\" src=\"https:\/\/fondationguidomolinari.org\/wp-content\/uploads\/2024\/06\/Visuels-site-web-2.jpg\" alt=\"\" class=\"wp-image-10528\" style=\"aspect-ratio:4\/3;object-fit:cover\"\/><\/figure>\n<\/div><\/div>\n<\/div>\n\n\n\n<div class=\"wp-block-columns is-layout-flex wp-container-core-columns-is-layout-9d6595d7 wp-block-columns-is-layout-flex\">\n<div class=\"wp-block-column is-layout-flow wp-block-column-is-layout-flow\" style=\"flex-basis:66.66%\">\n<div class=\"wp-block-buttons is-content-justification-center is-layout-flex wp-container-core-buttons-is-layout-16018d1d wp-block-buttons-is-layout-flex\">\n<div class=\"wp-block-button\"><a class=\"wp-block-button__link has-text-align-center wp-element-button\" href=\"https:\/\/fondationguidomolinari.org\/wp-content\/uploads\/2025\/08\/FGM_Affiche-tes-couleurs-.pdf\" target=\"_blank\" rel=\"noreferrer noopener\">View the complete activity description<\/a><\/div>\n<\/div>\n<\/div>\n\n\n\n<div class=\"wp-block-column is-layout-flow wp-block-column-is-layout-flow\" style=\"flex-basis:33.33%\">\n<div class=\"wp-block-buttons is-content-justification-center is-layout-flex wp-container-core-buttons-is-layout-16018d1d wp-block-buttons-is-layout-flex\">\n<div class=\"wp-block-button\"><a class=\"wp-block-button__link has-text-align-center wp-element-button\" href=\"mailto:laurence@fondationguidomolinari.org\">Book<\/a><\/div>\n<\/div>\n<\/div>\n<\/div>\n\n<\/div>\n\n<div class=\"gb-container gb-container-86a42cb7\">\n\n<div class=\"wp-block-columns is-layout-flex wp-container-core-columns-is-layout-9d6595d7 wp-block-columns-is-layout-flex\">\n<div class=\"wp-block-column is-layout-flow wp-block-column-is-layout-flow\" style=\"flex-basis:66.66%\">\n<p class=\"has-text-align-center has-contrast-3-background-color has-background has-medium-font-size\"><strong>Op at the top!<\/strong> &#8211; At all times<\/p>\n\n\n\n<p class=\"has-contrast-3-background-color has-background has-small-font-size\">Guido Molinari took part in a major exhibition in New York in 1965 entitled <em>The Responsive Eye<\/em>, where numerous works of optical art &#8211; also known as <em>op art <\/em>&#8211; were presented. After a demonstration of optical effects and works of optical art, participants will in turn create a work by applying the new knowledge they have acquired.<br><br>Duration: 1h30, including the visit of the ongoing exhibition<br>Ages: 6 to 12 years old<\/p>\n<\/div>\n\n\n\n<div class=\"wp-block-column is-layout-flow wp-block-column-is-layout-flow\" style=\"flex-basis:33.33%\"><div class=\"wp-block-image\">\n<figure class=\"alignleft size-full\"><img decoding=\"async\" src=\"https:\/\/fondationguidomolinari.org\/wp-content\/uploads\/2024\/05\/3df34aa2-90f8-4f0f-a470-e95a02d128bd.jpg\" alt=\"\" class=\"wp-image-10328\" style=\"aspect-ratio:4\/3;object-fit:cover\"\/><figcaption class=\"wp-element-caption\">Photo: Guido Molinari Foundation.<\/figcaption><\/figure>\n<\/div><\/div>\n<\/div>\n\n\n\n<div class=\"wp-block-buttons is-content-justification-center is-layout-flex wp-container-core-buttons-is-layout-16018d1d wp-block-buttons-is-layout-flex\">\n<div class=\"wp-block-button\"><a class=\"wp-block-button__link wp-element-button\" href=\"mailto:laurence@fondationguidomolinari.org\">Book<\/a><\/div>\n<\/div>\n\n<\/div>\n\n<div class=\"gb-container gb-container-fa1fe6c2\">\n\n<div class=\"wp-block-columns is-layout-flex wp-container-core-columns-is-layout-9d6595d7 wp-block-columns-is-layout-flex\">\n<div class=\"wp-block-column is-layout-flow wp-block-column-is-layout-flow\" style=\"flex-basis:66.66%\">\n<p class=\"has-text-align-center has-contrast-3-background-color has-background\"><strong>Imaginary Correspondences <\/strong>&#8211; At all times<\/p>\n\n\n\n<p class=\"has-contrast-3-background-color has-background has-small-font-size\">Artist Fiona Annis was inspired by Guido Molinari&#8217;s written correspondences to make her exhibition <em><a href=\"https:\/\/fondationguidomolinari.org\/en\/exhibition-residency-fiona-annis\/\" data-type=\"post\" data-id=\"9522\">Correspondences<\/a><\/em>: letters he received from friends, family and fellow artists.<br><br>Letters are a way of recounting adventures that have happened to us, or memories we want to keep. They can even contain drawings and a few surprises\u2026<br><br>This workshop will enable children to explore correspondence, whether written or drawn, from preparation to dispatch! Together, we&#8217;ll create a letter that he or she can send home to rediscover the stories behind it.<br><br>Duration: 1h30, including the visit of the ongoing exhibition<br>Ages: 4 to 12 years old<\/p>\n<\/div>\n\n\n\n<div class=\"wp-block-column is-layout-flow wp-block-column-is-layout-flow\" style=\"flex-basis:33.33%\">\n<figure class=\"wp-block-image size-large\"><img decoding=\"async\" src=\"https:\/\/fondationguidomolinari.org\/wp-content\/uploads\/2024\/05\/IMG_4218-1024x742.png\" alt=\"\" class=\"wp-image-10327\" style=\"aspect-ratio:4\/3;object-fit:cover\"\/><figcaption class=\"wp-element-caption\">Photo: Guido Molinari Foundation.<\/figcaption><\/figure>\n<\/div>\n<\/div>\n\n\n\n<div class=\"wp-block-buttons is-content-justification-center is-layout-flex wp-container-core-buttons-is-layout-16018d1d wp-block-buttons-is-layout-flex\">\n<div class=\"wp-block-button\"><a class=\"wp-block-button__link has-text-align-center wp-element-button\" href=\"mailto:laurence@fondationguidomolinari.org\">Book<\/a><\/div>\n<\/div>\n\n<\/div>\n\n<div class=\"gb-container gb-container-c9a5158d\">\n\n<div class=\"wp-block-columns is-layout-flex wp-container-core-columns-is-layout-9d6595d7 wp-block-columns-is-layout-flex\">\n<div class=\"wp-block-column is-vertically-aligned-top is-layout-flow wp-block-column-is-layout-flow\" style=\"flex-basis:66.7%\">\n<p class=\"has-text-align-center\"><strong>Group tours<\/strong> &#8211; At all times<\/p>\n\n\n\n<p class=\"has-small-font-size\"><em>Available upon reservation.<\/em><\/p>\n\n\n\n<p class=\"has-small-font-size\">Contact our <a href=\"mailto:laurence@fondationguidomolinari.org\">mediation manager<\/a> to book a tour for your group.<\/p>\n\n\n\n<p class=\"has-small-font-size\">The content of tours varies according to our programming and is adapted to the group.<\/p>\n<\/div>\n\n\n\n<div class=\"wp-block-column is-vertically-aligned-top is-layout-flow wp-block-column-is-layout-flow\" style=\"flex-basis:33.3%\"><div class=\"wp-block-image\">\n<figure class=\"alignleft size-large\"><img decoding=\"async\" src=\"https:\/\/fondationguidomolinari.org\/wp-content\/uploads\/2023\/10\/123A2896-e1697223422966-1024x796.jpg\" alt=\"\" class=\"wp-image-9650\"\/><figcaption class=\"wp-element-caption\">Photo: Katya Konioukhova.<\/figcaption><\/figure>\n<\/div><\/div>\n<\/div>\n\n\n\n<div class=\"wp-block-buttons is-content-justification-center is-layout-flex wp-container-core-buttons-is-layout-16018d1d wp-block-buttons-is-layout-flex\">\n<div class=\"wp-block-button\"><a class=\"wp-block-button__link has-text-align-center wp-element-button\" href=\"mailto:laurence@fondationguidomolinari.org\">Book<\/a><\/div>\n<\/div>\n\n\n\n<p><\/p>\n\n<\/div>\n\n\n<h3 class=\"wp-block-heading\">Past Activities<\/h3>\n\n\n<div class=\"gb-container gb-container-6fb3231b\">\n\n<div class=\"wp-block-columns is-layout-flex wp-container-core-columns-is-layout-9d6595d7 wp-block-columns-is-layout-flex\">\n<div class=\"wp-block-column is-layout-flow wp-block-column-is-layout-flow\" style=\"flex-basis:66.66%\">\n<p class=\"has-text-align-center has-contrast-3-background-color has-background\"><strong>Bubble painting<\/strong> &#8211; Spring Break 2023<\/p>\n\n\n\n<p class=\"has-contrast-3-background-color has-background has-small-font-size\">After visiting the <em><a href=\"https:\/\/fondationguidomolinari.org\/en\/exhibition-residency-tons-teintes-nuances\/\" data-type=\"post\" data-id=\"9174\">Tons, teintes, nuances<\/a><\/em> exhibition, participants are invited to create works of art using a very special technique: bubble paint! Using a dilution of paint and straws, follow in the footsteps of the artists in the exhibition and explore colour by superimposing several of them. Observe the abstract result: what shapes do you see in what you&#8217;ve created? Have you created new colours by mixing them?<\/p>\n<\/div>\n\n\n\n<div class=\"wp-block-column is-layout-flow wp-block-column-is-layout-flow\" style=\"flex-basis:33.33%\"><div class=\"wp-block-image\">\n<figure class=\"alignleft size-full\"><img loading=\"lazy\" decoding=\"async\" width=\"1036\" height=\"829\" src=\"https:\/\/fondationguidomolinari.org\/wp-content\/uploads\/2023\/03\/034-Tons-teintes-nuances-photo-Michael-Patten-e1689106246249.jpg\" alt=\"Luce Meunier,\u00a0Mousse no 3 (d\u00e9tail), 2022\" class=\"wp-image-8180\" style=\"aspect-ratio:4\/3;object-fit:cover\" srcset=\"https:\/\/fondationguidomolinari.org\/en\/wp-content\/uploads\/sites\/2\/2023\/03\/034-Tons-teintes-nuances-photo-Michael-Patten-e1689106246249.jpg 1036w, https:\/\/fondationguidomolinari.org\/en\/wp-content\/uploads\/sites\/2\/2023\/03\/034-Tons-teintes-nuances-photo-Michael-Patten-e1689106246249-300x240.jpg 300w, https:\/\/fondationguidomolinari.org\/en\/wp-content\/uploads\/sites\/2\/2023\/03\/034-Tons-teintes-nuances-photo-Michael-Patten-e1689106246249-1024x819.jpg 1024w, https:\/\/fondationguidomolinari.org\/en\/wp-content\/uploads\/sites\/2\/2023\/03\/034-Tons-teintes-nuances-photo-Michael-Patten-e1689106246249-768x615.jpg 768w\" sizes=\"auto, (max-width: 1036px) 100vw, 1036px\" \/><figcaption class=\"wp-element-caption\">Luce Meunier,&nbsp;<em>Mousse no 3<\/em> (detail), 2022. Photo: Mike Patten.<\/figcaption><\/figure>\n<\/div><\/div>\n<\/div>\n\n<\/div>\n\n<div class=\"gb-container gb-container-885cdfd0\">\n\n<div class=\"wp-block-columns is-layout-flex wp-container-core-columns-is-layout-9d6595d7 wp-block-columns-is-layout-flex\">\n<div class=\"wp-block-column is-layout-flow wp-block-column-is-layout-flow\" style=\"flex-basis:66.66%\">\n<p class=\"has-text-align-center has-contrast-3-background-color has-background\"><strong>Molinari: Haut en couleur<\/strong> &#8211; Journ\u00e9es de la culture 2022<\/p>\n\n\n\n<p class=\"has-contrast-3-background-color has-background has-small-font-size\">Workshop to create a work of art using Guido Molinari&#8217;s favorite techniques using painter&#8217;s tape. Learn to play with colours and what they can evoke. The workshop follows a guided tour of the <a href=\"https:\/\/fondationguidomolinari.org\/en\/molinari-the-sixties-2\/\" data-type=\"post\" data-id=\"9166\"><em>Molinari, the Sixties<\/em> <\/a>exhibition.<\/p>\n<\/div>\n\n\n\n<div class=\"wp-block-column is-layout-flow wp-block-column-is-layout-flow\" style=\"flex-basis:33.33%\"><div class=\"wp-block-image\">\n<figure class=\"alignleft size-full\"><img decoding=\"async\" src=\"https:\/\/fondationguidomolinari.org\/wp-content\/uploads\/2023\/08\/FGM4_Photo-Journees-de-la-culture-Anthony-Nadon.jpg\" alt=\"\" class=\"wp-image-9029\" style=\"aspect-ratio:4\/3;object-fit:cover\"\/><figcaption class=\"wp-element-caption\">Photo: Anthony Nadon.<\/figcaption><\/figure>\n<\/div><\/div>\n<\/div>\n\n<\/div>\n\n<div class=\"gb-container gb-container-c711f92c\">\n\n<div class=\"wp-block-columns is-layout-flex wp-container-core-columns-is-layout-9d6595d7 wp-block-columns-is-layout-flex\">\n<div class=\"wp-block-column is-layout-flow wp-block-column-is-layout-flow\" style=\"flex-basis:66.66%\">\n<p class=\"has-text-align-center has-contrast-3-background-color has-background\"><strong>Family Activity: Drawing? Do it with your eyes closed!<\/strong> &#8211; Spring Break 2022<\/p>\n\n\n\n<p class=\"has-contrast-3-background-color has-background has-small-font-size\">After a dynamic and playful tour of our exhibition <em><a href=\"https:\/\/fondationguidomolinari.org\/en\/r-holland-murray\/\" data-type=\"post\" data-id=\"7047\">R. Holland Murray: Unpacking\/oeuvres choisies<\/a><\/em>, a short art workshop is offered for families, where participants will be invited to make blind drawings inspired by the series of dark drawings Guido Molinari made in the 50s!<\/p>\n<\/div>\n\n\n\n<div class=\"wp-block-column is-layout-flow wp-block-column-is-layout-flow\" style=\"flex-basis:33.33%\"><div class=\"wp-block-image\">\n<figure class=\"alignleft size-full\"><img loading=\"lazy\" decoding=\"async\" width=\"1024\" height=\"1024\" src=\"https:\/\/fondationguidomolinari.org\/wp-content\/uploads\/2022\/02\/nuitblanche.jpg\" alt=\"\" class=\"wp-image-6954\" style=\"aspect-ratio:4\/3;object-fit:cover\" srcset=\"https:\/\/fondationguidomolinari.org\/en\/wp-content\/uploads\/sites\/2\/2022\/02\/nuitblanche.jpg 1024w, https:\/\/fondationguidomolinari.org\/en\/wp-content\/uploads\/sites\/2\/2022\/02\/nuitblanche-300x300.jpg 300w, https:\/\/fondationguidomolinari.org\/en\/wp-content\/uploads\/sites\/2\/2022\/02\/nuitblanche-150x150.jpg 150w, https:\/\/fondationguidomolinari.org\/en\/wp-content\/uploads\/sites\/2\/2022\/02\/nuitblanche-768x768.jpg 768w\" sizes=\"auto, (max-width: 1024px) 100vw, 1024px\" \/><\/figure>\n<\/div><\/div>\n<\/div>\n\n<\/div>\n\n<div class=\"gb-container gb-container-6fff5891\">\n\n<div class=\"wp-block-columns is-layout-flex wp-container-core-columns-is-layout-9d6595d7 wp-block-columns-is-layout-flex\">\n<div class=\"wp-block-column is-layout-flow wp-block-column-is-layout-flow\" style=\"flex-basis:66.66%\">\n<p class=\"has-text-align-center has-contrast-3-background-color has-background\"><strong>Between shapes and colours<\/strong> &#8211; Journ\u00e9es de la culture 2021<\/p>\n\n\n\n<p class=\"has-contrast-3-background-color has-background has-small-font-size\">After a dynamic and entertaining guided tour of the exhibition <em><a href=\"https:\/\/fondationguidomolinari.org\/en\/gaucher-molinari-tousignant-newman\/\" data-type=\"post\" data-id=\"6854\">Gaucher, Molinari, Tousignant : Around Barnett Newman<\/a><\/em>, a family art workshop is proposed, where participants will use hard-edge techniques to create their own reduced-size version of one of the works in the exhibition, while exploring the dialogue between shapes and colors typical of geometric abstraction!<\/p>\n<\/div>\n\n\n\n<div class=\"wp-block-column is-layout-flow wp-block-column-is-layout-flow\" style=\"flex-basis:33.33%\"><div class=\"wp-block-image\">\n<figure class=\"alignleft size-full\"><img decoding=\"async\" src=\"https:\/\/fondationguidomolinari.org\/wp-content\/uploads\/2022\/08\/GLH9753_Photo-Guy-LHeureux.jpg\" alt=\"Photo Guy L'Heureux\" class=\"wp-image-7455\" style=\"aspect-ratio:4\/3;object-fit:cover\"\/><figcaption class=\"wp-element-caption\">Photo: Guy L&#8217;Heureux.<\/figcaption><\/figure>\n<\/div><\/div>\n<\/div>\n\n<\/div><input class=\"fooboxshare_post_id\" type=\"hidden\" value=\"9141\"\/>","protected":false},"excerpt":{"rendered":"<p>The Foundation wishes to offer teachers resources and tools to introduce their students to contemporary art and the work of Guido Molinari. We offer free workshops and custom tours for all kinds of audiences, including school groups, day camps, community groups and families. Contact our mediation manager for more information and to find out how &#8230; <\/p>\n<p class=\"read-more-container\"><a title=\"Educational Actions\" class=\"read-more button\" href=\"https:\/\/fondationguidomolinari.org\/en\/education\/educational-offer\/#more-9141\" aria-label=\"Read more about Educational Actions\">Read more<\/a><\/p>\n","protected":false},"author":7,"featured_media":0,"parent":9139,"menu_order":1,"comment_status":"closed","ping_status":"closed","template":"","meta":{"_acf_changed":false,"_seopress_robots_primary_cat":"","_seopress_titles_title":"","_seopress_titles_desc":"","_seopress_robots_index":"","inline_featured_image":false,"_kad_blocks_custom_css":"","_kad_blocks_head_custom_js":"","_kad_blocks_body_custom_js":"","_kad_blocks_footer_custom_js":"","ngg_post_thumbnail":0,"footnotes":""},"class_list":["post-9141","page","type-page","status-publish"],"acf":[],"taxonomy_info":[],"featured_image_src_large":false,"author_info":{"display_name":"Fondation Guido Molinari","author_link":"https:\/\/fondationguidomolinari.org\/en"},"comment_info":0,"_links":{"self":[{"href":"https:\/\/fondationguidomolinari.org\/en\/wp-json\/wp\/v2\/pages\/9141","targetHints":{"allow":["GET"]}}],"collection":[{"href":"https:\/\/fondationguidomolinari.org\/en\/wp-json\/wp\/v2\/pages"}],"about":[{"href":"https:\/\/fondationguidomolinari.org\/en\/wp-json\/wp\/v2\/types\/page"}],"author":[{"embeddable":true,"href":"https:\/\/fondationguidomolinari.org\/en\/wp-json\/wp\/v2\/users\/7"}],"replies":[{"embeddable":true,"href":"https:\/\/fondationguidomolinari.org\/en\/wp-json\/wp\/v2\/comments?post=9141"}],"version-history":[{"count":15,"href":"https:\/\/fondationguidomolinari.org\/en\/wp-json\/wp\/v2\/pages\/9141\/revisions"}],"predecessor-version":[{"id":10781,"href":"https:\/\/fondationguidomolinari.org\/en\/wp-json\/wp\/v2\/pages\/9141\/revisions\/10781"}],"up":[{"embeddable":true,"href":"https:\/\/fondationguidomolinari.org\/en\/wp-json\/wp\/v2\/pages\/9139"}],"wp:attachment":[{"href":"https:\/\/fondationguidomolinari.org\/en\/wp-json\/wp\/v2\/media?parent=9141"}],"curies":[{"name":"wp","href":"https:\/\/api.w.org\/{rel}","templated":true}]}}