{"id":9114,"date":"2023-08-15T11:56:26","date_gmt":"2023-08-15T15:56:26","guid":{"rendered":"https:\/\/fondationguidomolinari.org\/en\/?page_id=9114"},"modified":"2026-04-17T10:54:21","modified_gmt":"2026-04-17T14:54:21","slug":"team","status":"publish","type":"page","link":"https:\/\/fondationguidomolinari.org\/en\/about\/team\/","title":{"rendered":"Team"},"content":{"rendered":"<div class=\"gb-container gb-container-a71fd243\">\n\n<div class=\"wp-block-columns is-layout-flex wp-container-core-columns-is-layout-9d6595d7 wp-block-columns-is-layout-flex\">\n<div class=\"wp-block-column is-layout-flow wp-block-column-is-layout-flow\" style=\"flex-basis:25%\"><style>.kb-image9114_a319ff-39 .kb-image-has-overlay:after{opacity:0.3;}<\/style>\n<figure class=\"wp-block-kadence-image kb-image9114_a319ff-39 size-large\"><img loading=\"lazy\" decoding=\"async\" width=\"720\" height=\"720\" src=\"https:\/\/fondationguidomolinari.org\/en\/wp-content\/uploads\/sites\/2\/2026\/04\/051-Andreanne-Godin-Photo-Michael-Patten-edited.jpg\" alt=\"\" class=\"kb-img wp-image-11001\" srcset=\"https:\/\/fondationguidomolinari.org\/en\/wp-content\/uploads\/sites\/2\/2026\/04\/051-Andreanne-Godin-Photo-Michael-Patten-edited.jpg 720w, https:\/\/fondationguidomolinari.org\/en\/wp-content\/uploads\/sites\/2\/2026\/04\/051-Andreanne-Godin-Photo-Michael-Patten-edited-300x300.jpg 300w, https:\/\/fondationguidomolinari.org\/en\/wp-content\/uploads\/sites\/2\/2026\/04\/051-Andreanne-Godin-Photo-Michael-Patten-edited-150x150.jpg 150w\" sizes=\"auto, (max-width: 720px) 100vw, 720px\" \/><\/figure>\n<\/div>\n\n\n\n<div class=\"wp-block-column is-layout-flow wp-block-column-is-layout-flow\" style=\"flex-basis:75%\">\n<h3 class=\"wp-block-heading\">Marie-Eve Beaupr\u00e9<\/h3>\n\n\n\n<p><strong>Executive Director and Chief Curator<\/strong><br>direction[a]fondationguidomolinari.org<\/p>\n\n\n\n<p class=\"has-small-font-size\">Marie-Eve Beaupr\u00e9 was curator in charge of the collection at the Mus\u00e9e d&#8217;art contemporain de Montr\u00e9al from 2016 to 2023. She contributed to the development of acquisitions and exhibitions of the permanent collection and, among her projects, led the consultative process of the acquisition initiative <em>I support local art.<\/em> Over the past twenty years, she has collaborated with various institutions, museums, galleries and artist-run centers as a curator, writer, administrator and jury member. She has held the position of Curator of Contemporary Quebec and Canadian Art and was the recipient of the Gail and Stephen A. Jarislowsky Chair at the Montreal Museum of Fine Arts (2014-2016), collaborated with the Mus\u00e9e national des beaux-arts du Qu\u00e9bec on exhibition and research projects (2010-2014) and worked as curator and researcher at the Galerie de l&#8217;UQAM (2004-2012). As an art historian and field practitioner, she has been involved in several inventories, including the studios of Edmund Alleyn, Sylvia Safdie, John Heward, Betty Goodwin and Guido Molinari.<\/p>\n<\/div>\n<\/div>\n\n<\/div>\n\n<div class=\"gb-container gb-container-007e93fb\">\n\n<div class=\"wp-block-columns is-layout-flex wp-container-core-columns-is-layout-9d6595d7 wp-block-columns-is-layout-flex\">\n<div class=\"wp-block-column is-layout-flow wp-block-column-is-layout-flow\" style=\"flex-basis:25%\">\n<figure class=\"wp-block-image size-medium is-resized\"><img decoding=\"async\" src=\"https:\/\/fondationguidomolinari.org\/wp-content\/uploads\/2025\/10\/073-Irene-F-Whittome-Photo-Michael-Patten-600x400.jpg\" alt=\"\" class=\"wp-image-11651\" style=\"aspect-ratio:1;object-fit:cover;width:291px\"\/><figcaption class=\"wp-element-caption\">Photo : Mike Patten.<\/figcaption><\/figure>\n<\/div>\n\n\n\n<div class=\"wp-block-column is-layout-flow wp-block-column-is-layout-flow\" style=\"flex-basis:75%\">\n<h3 class=\"wp-block-heading\">Camille B\u00e9dard<\/h3>\n\n\n\n<p><strong>Associate Curator<\/strong><br>Sustainable Development Officer<br>conservation[a]fondationguidomolinari.org<\/p>\n\n\n\n<p class=\"has-small-font-size\">Camille B\u00e9dard is a Montreal-based art and architecture historian whose multidisciplinary practice bears witness to her insatiable curiosity for the arts, no matter their form. With a BFA in Art History from Concordia University (2011) and an M\u2019Arch in Architectural History from McGill University (2013), her research focuses on historical movie theatres. Her background in visual arts includes experiences at the Mus\u00e9e Tomi Ungerer (Strasbourg), the Museum of Modern Art (New York), the creative workshops of the Mus\u00e9e d&#8217;art contemporain de Montr\u00e9al and at the public programs at the Canadian Centre for Architecture. After 4 years as artistic and general coordinator at LA SERRE \u2013 arts vivants, she founded and directed Concordia University&#8217;s Art Volt Collection (2021-2024), a platform for the sale and rental of works by recent graduates from the Faculty of Fine Arts. Camille is also on the board of directors of Festival Filministes and occasionally writes for <em>Vie des arts <\/em>magazine.<\/p>\n<\/div>\n<\/div>\n\n<\/div>\n\n<div class=\"gb-container gb-container-46cd66de\">\n\n<div class=\"wp-block-columns is-layout-flex wp-container-core-columns-is-layout-9d6595d7 wp-block-columns-is-layout-flex\">\n<div class=\"wp-block-column is-layout-flow wp-block-column-is-layout-flow\" style=\"flex-basis:25%\">\n<figure class=\"wp-block-image size-large\"><img loading=\"lazy\" decoding=\"async\" width=\"1024\" height=\"997\" src=\"https:\/\/fondationguidomolinari.org\/en\/wp-content\/uploads\/sites\/2\/2026\/04\/Capture-decran-le-2026-04-17-a-10.45.51-1024x997.png\" alt=\"\" class=\"wp-image-11014\" style=\"aspect-ratio:1;object-fit:cover\" srcset=\"https:\/\/fondationguidomolinari.org\/en\/wp-content\/uploads\/sites\/2\/2026\/04\/Capture-decran-le-2026-04-17-a-10.45.51-1024x997.png 1024w, https:\/\/fondationguidomolinari.org\/en\/wp-content\/uploads\/sites\/2\/2026\/04\/Capture-decran-le-2026-04-17-a-10.45.51-300x292.png 300w, https:\/\/fondationguidomolinari.org\/en\/wp-content\/uploads\/sites\/2\/2026\/04\/Capture-decran-le-2026-04-17-a-10.45.51-768x748.png 768w, https:\/\/fondationguidomolinari.org\/en\/wp-content\/uploads\/sites\/2\/2026\/04\/Capture-decran-le-2026-04-17-a-10.45.51-1536x1496.png 1536w, https:\/\/fondationguidomolinari.org\/en\/wp-content\/uploads\/sites\/2\/2026\/04\/Capture-decran-le-2026-04-17-a-10.45.51.png 1834w\" sizes=\"auto, (max-width: 1024px) 100vw, 1024px\" \/><figcaption class=\"wp-element-caption\">Photo : Mike Patten.<\/figcaption><\/figure>\n<\/div>\n\n\n\n<div class=\"wp-block-column is-layout-flow wp-block-column-is-layout-flow\" style=\"flex-basis:75%\">\n<h3 class=\"wp-block-heading\">Laurence Dupont<\/h3>\n\n\n\n<p><strong>Mediator and Communications Manager<br><\/strong>laurence[a]fondationguidomolinari.org<\/p>\n\n\n\n<p class=\"has-small-font-size\">Laurence Dupont has a Bachelor\u2019s degree in Art History from Universit\u00e9 de Montr\u00e9al and a Master\u2019s degree in Museum Studies from Universit\u00e9 du Qu\u00e9bec \u00e0 Montr\u00e9al. After a stint at Art Souterrain in the development of audiences and activities, Laurence continues her career by designing and leading mediation workshops with adults in francization for the Th\u00e9\u00e2tre Outremont. A position in educational program development brought her to the Cit\u00e9 de l\u2019\u00e9nergie in Shawinigan, where she designed activities for the school and preschool public. Prior to her current position, Laurence worked at L\u2019Artoth\u00e8que, an art library where she supported members, both artists and the general public.<\/p>\n<\/div>\n<\/div>\n\n<\/div>\n\n<div class=\"gb-container gb-container-8b50d978\">\n\n<div class=\"wp-block-columns is-layout-flex wp-container-core-columns-is-layout-9d6595d7 wp-block-columns-is-layout-flex\">\n<div class=\"wp-block-column is-layout-flow wp-block-column-is-layout-flow\" style=\"flex-basis:25%\">\n<figure class=\"wp-block-image size-large\"><img decoding=\"async\" src=\"https:\/\/fondationguidomolinari.org\/wp-content\/uploads\/2025\/10\/081-Chromatopia-Photo-Michael-Patten-edited-1.jpg\" alt=\"\" class=\"wp-image-11662\" style=\"aspect-ratio:1;object-fit:cover\"\/><figcaption class=\"wp-element-caption\">Photo : Mike Patten.<\/figcaption><\/figure>\n<\/div>\n\n\n\n<div class=\"wp-block-column is-layout-flow wp-block-column-is-layout-flow\" style=\"flex-basis:75%\">\n<h3 class=\"wp-block-heading\">Alexandre Major-Forest<\/h3>\n\n\n\n<p><strong>Administration Coordinator<\/strong><br>coordination[a]fondationguidomolinari.org<\/p>\n\n\n\n<p class=\"has-small-font-size\">Alexandre Major-Forest holds a bachelor&#8217;s degree in art history from the Universit\u00e9 de Montr\u00e9al (2021) and is continuing his studies at the same institution at the master&#8217;s level. He is simultaneously completing a bachelor&#8217;s degree in visual and media arts at the Universit\u00e9 du Qu\u00e9bec \u00e0 Montr\u00e9al. Before joining the Foundation, Alexandre worked in mediation and museology, notably for the exhibition Lyse Charland Favretti: Souffle de lumi\u00e8re at MUMAQ and at the Site historique Marguerite-Bourgeoys.<\/p>\n<\/div>\n<\/div>\n\n<\/div>\n\n\n<h4 class=\"wp-block-heading\"><strong>Research assistants and interns<\/strong><\/h4>\n\n\n\n<p>Daniel Gillberg &#8211; Carolan Houle &#8211; Yun Wang<\/p>\n\n\n\n<h4 class=\"wp-block-heading\"><strong>Revision<\/strong><\/h4>\n\n\n\n<p>Am\u00e9lie Hamel<\/p>\n\n\n\n<h4 class=\"wp-block-heading\"><strong>Translation<\/strong><\/h4>\n\n\n\n<p>Ryan Alexander Diduck<\/p>\n\n\n\n<h4 class=\"wp-block-heading\"><strong>Graphic design<\/strong><\/h4>\n\n\n\n<p>Francine Savard (Fleury\/Savard)<\/p>\n\n\n\n<h4 class=\"wp-block-heading\"><strong>Technical crew<\/strong><\/h4>\n\n\n\n<p>V\u00e9ronique Laniel &#8211; Julie Pelletier<\/p>\n\n\n\n<h4 class=\"wp-block-heading\"><strong>Lighting technician<\/strong><\/h4>\n\n\n\n<p>Simon Malouin<\/p>\n\n\n\n<h4 class=\"wp-block-heading\"><strong>Volunteers<\/strong><\/h4>\n\n\n\n<p>\u00c9mile Bordeleau-Pitre &#8211; Laurence Ferdinand &#8211; Carolan Houle &#8211; Alain Lavoie &#8211; Doreen McCaughry &#8211; Jean-Fran\u00e7ois Milette &#8211; Jos\u00e9e Pellerin &#8211; Suzanne Saint-Hilaire<\/p>\n<input class=\"fooboxshare_post_id\" type=\"hidden\" value=\"9114\"\/>","protected":false},"excerpt":{"rendered":"<p>Marie-Eve Beaupr\u00e9 Executive Director and Chief Curatordirection[a]fondationguidomolinari.org Marie-Eve Beaupr\u00e9 was curator in charge of the collection at the Mus\u00e9e d&#8217;art contemporain de Montr\u00e9al from 2016 to 2023. She contributed to the development of acquisitions and exhibitions of the permanent collection and, among her projects, led the consultative process of the acquisition initiative I support local &#8230; <\/p>\n<p class=\"read-more-container\"><a title=\"Team\" class=\"read-more button\" href=\"https:\/\/fondationguidomolinari.org\/en\/about\/team\/#more-9114\" aria-label=\"Read more about Team\">Read more<\/a><\/p>\n","protected":false},"author":7,"featured_media":0,"parent":15,"menu_order":3,"comment_status":"closed","ping_status":"closed","template":"","meta":{"_acf_changed":false,"_seopress_robots_primary_cat":"","_seopress_titles_title":"","_seopress_titles_desc":"","_seopress_robots_index":"","inline_featured_image":false,"_kad_blocks_custom_css":"","_kad_blocks_head_custom_js":"","_kad_blocks_body_custom_js":"","_kad_blocks_footer_custom_js":"","ngg_post_thumbnail":0,"footnotes":""},"class_list":["post-9114","page","type-page","status-publish"],"acf":[],"taxonomy_info":[],"featured_image_src_large":false,"author_info":{"display_name":"Fondation Guido Molinari","author_link":"https:\/\/fondationguidomolinari.org\/en"},"comment_info":0,"_links":{"self":[{"href":"https:\/\/fondationguidomolinari.org\/en\/wp-json\/wp\/v2\/pages\/9114","targetHints":{"allow":["GET"]}}],"collection":[{"href":"https:\/\/fondationguidomolinari.org\/en\/wp-json\/wp\/v2\/pages"}],"about":[{"href":"https:\/\/fondationguidomolinari.org\/en\/wp-json\/wp\/v2\/types\/page"}],"author":[{"embeddable":true,"href":"https:\/\/fondationguidomolinari.org\/en\/wp-json\/wp\/v2\/users\/7"}],"replies":[{"embeddable":true,"href":"https:\/\/fondationguidomolinari.org\/en\/wp-json\/wp\/v2\/comments?post=9114"}],"version-history":[{"count":27,"href":"https:\/\/fondationguidomolinari.org\/en\/wp-json\/wp\/v2\/pages\/9114\/revisions"}],"predecessor-version":[{"id":11015,"href":"https:\/\/fondationguidomolinari.org\/en\/wp-json\/wp\/v2\/pages\/9114\/revisions\/11015"}],"up":[{"embeddable":true,"href":"https:\/\/fondationguidomolinari.org\/en\/wp-json\/wp\/v2\/pages\/15"}],"wp:attachment":[{"href":"https:\/\/fondationguidomolinari.org\/en\/wp-json\/wp\/v2\/media?parent=9114"}],"curies":[{"name":"wp","href":"https:\/\/api.w.org\/{rel}","templated":true}]}}