{"id":17,"date":"2012-08-27T07:05:44","date_gmt":"2012-08-27T12:05:44","guid":{"rendered":"https:\/\/fondationguidomolinari.org\/?page_id=17"},"modified":"2023-10-13T15:03:06","modified_gmt":"2023-10-13T19:03:06","slug":"guido-molinari","status":"publish","type":"page","link":"https:\/\/fondationguidomolinari.org\/en\/about\/guido-molinari\/","title":{"rendered":"Guido Molinari"},"content":{"rendered":"\n<p>Guido Molinari was born in Montreal in 1933, where he took only a few courses at the \u00c9cole des beaux-arts and the \u00c9cole du Mus\u00e9e des beaux-arts, between 1948 and 1951. In 1953, he held his first solo exhibition at L&#8217;\u00c9chourie and, three years later, exhibited in the United States for the first time. This self-taught artist was soon considered the master of abstract painting in Canada.<\/p>\n\n\n<div class=\"gb-container gb-container-f90ec8cb\">\n\n<div class=\"wp-block-columns is-layout-flex wp-container-core-columns-is-layout-9d6595d7 wp-block-columns-is-layout-flex\">\n<div class=\"wp-block-column is-layout-flow wp-block-column-is-layout-flow\"><div class=\"wp-block-image\">\n<figure class=\"alignleft size-large\"><img decoding=\"async\" src=\"https:\/\/fondationguidomolinari.org\/wp-content\/uploads\/2023\/08\/1965_gabor_06-atelier-rue-Joseph-edited.png\" alt=\"\" class=\"wp-image-8938\" style=\"aspect-ratio:4\/3;object-fit:cover\"\/><figcaption class=\"wp-element-caption\">1965. Photo : Gabor Silazi.<\/figcaption><\/figure>\n<\/div><\/div>\n\n\n\n<div class=\"wp-block-column is-layout-flow wp-block-column-is-layout-flow\"><div class=\"wp-block-image\">\n<figure class=\"alignleft size-large\"><img decoding=\"async\" src=\"https:\/\/fondationguidomolinari.org\/wp-content\/uploads\/2023\/08\/Guido_Maurice_Rebeix_1982-1-e1692203016373-1024x657.jpg\" alt=\"\" class=\"wp-image-8939\" style=\"aspect-ratio:4\/3;object-fit:cover\"\/><figcaption class=\"wp-element-caption\">1982. Photo : Maurice Rebeix.<\/figcaption><\/figure>\n<\/div><\/div>\n\n\n\n<div class=\"wp-block-column is-layout-flow wp-block-column-is-layout-flow\"><div class=\"wp-block-image\">\n<figure class=\"alignleft size-full\"><img decoding=\"async\" src=\"https:\/\/fondationguidomolinari.org\/wp-content\/uploads\/2023\/08\/1987_Molinari_332_08_150-1-edited.jpeg\" alt=\"\" class=\"wp-image-8937\" style=\"aspect-ratio:4\/3;object-fit:cover\"\/><figcaption class=\"wp-element-caption\">1987. Photo : Richard-Max Tremblay. <\/figcaption><\/figure>\n<\/div><\/div>\n<\/div>\n\n<\/div>\n\n\n<p>In 1965, he was present at <em>The Responsive Eye<\/em>, the major exhibition at the Museum of Modern Art in New York, before representing Canada at the 34th Venice Biennale in 1968, where he won the major prize of the David E. Bright Foundation. In 1976, the National Gallery of Canada organized a major retrospective of his work, and took the opportunity to publish a volume of his &#8220;writings on art&#8221;. In 1980, he was the youngest winner of the Prix Paul-\u00c9mile-Borduas. In 1995, the Mus\u00e9e d&#8217;art contemporain de Montr\u00e9al devoted a final retrospective to his work. Guido Molinari died in Montreal in February 2004.<\/p>\n\n\n\n<h3 class=\"wp-block-heading\">Chronology<\/h3>\n\n\n\n<p>Below, find an exhaustive chronology of the artist&#8217;s life, compiled for the book <em><a href=\"https:\/\/fondationguidomolinari.org\/en\/book\/\" data-type=\"page\" data-id=\"7619\">Molinari<\/a><\/em>, available for sale at the Foundation.<\/p>\n\n\n\n<div data-wp-interactive=\"core\/file\" class=\"wp-block-file\"><object data-wp-bind--hidden=\"!state.hasPdfPreview\" hidden class=\"wp-block-file__embed\" data=\"https:\/\/fondationguidomolinari.org\/en\/wp-content\/uploads\/sites\/2\/2023\/08\/Chronology_Guido-Molinari_EN.pdf\" type=\"application\/pdf\" style=\"width:100%;height:600px\" aria-label=\"Embed of Chronology_Guido-Molinari_EN.\"><\/object><a id=\"wp-block-file--media-b9bcdfc4-963b-4120-916f-285cecafc961\" href=\"https:\/\/fondationguidomolinari.org\/en\/wp-content\/uploads\/sites\/2\/2023\/08\/Chronology_Guido-Molinari_EN.pdf\" target=\"_blank\" rel=\"noreferrer noopener\">Chronology_Guido-Molinari_EN<\/a><\/div>\n<input class=\"fooboxshare_post_id\" type=\"hidden\" value=\"17\"\/>","protected":false},"excerpt":{"rendered":"<p>Guido Molinari was born in Montreal in 1933, where he took only a few courses at the \u00c9cole des beaux-arts and the \u00c9cole du Mus\u00e9e des beaux-arts, between 1948 and 1951. In 1953, he held his first solo exhibition at L&#8217;\u00c9chourie and, three years later, exhibited in the United States for the first time. This &#8230; <\/p>\n<p class=\"read-more-container\"><a title=\"Guido Molinari\" class=\"read-more button\" href=\"https:\/\/fondationguidomolinari.org\/en\/about\/guido-molinari\/#more-17\" aria-label=\"Read more about Guido Molinari\">Read more<\/a><\/p>\n","protected":false},"author":8,"featured_media":0,"parent":15,"menu_order":2,"comment_status":"closed","ping_status":"closed","template":"","meta":{"_acf_changed":false,"_seopress_robots_primary_cat":"","_seopress_titles_title":"","_seopress_titles_desc":"","_seopress_robots_index":"","inline_featured_image":false,"_kad_blocks_custom_css":"","_kad_blocks_head_custom_js":"","_kad_blocks_body_custom_js":"","_kad_blocks_footer_custom_js":"","ngg_post_thumbnail":0,"footnotes":""},"class_list":["post-17","page","type-page","status-publish"],"acf":[],"taxonomy_info":[],"featured_image_src_large":false,"author_info":{"display_name":"St\u00e9phane Bergeron","author_link":"https:\/\/fondationguidomolinari.org\/en"},"comment_info":0,"_links":{"self":[{"href":"https:\/\/fondationguidomolinari.org\/en\/wp-json\/wp\/v2\/pages\/17","targetHints":{"allow":["GET"]}}],"collection":[{"href":"https:\/\/fondationguidomolinari.org\/en\/wp-json\/wp\/v2\/pages"}],"about":[{"href":"https:\/\/fondationguidomolinari.org\/en\/wp-json\/wp\/v2\/types\/page"}],"author":[{"embeddable":true,"href":"https:\/\/fondationguidomolinari.org\/en\/wp-json\/wp\/v2\/users\/8"}],"replies":[{"embeddable":true,"href":"https:\/\/fondationguidomolinari.org\/en\/wp-json\/wp\/v2\/comments?post=17"}],"version-history":[{"count":7,"href":"https:\/\/fondationguidomolinari.org\/en\/wp-json\/wp\/v2\/pages\/17\/revisions"}],"predecessor-version":[{"id":9761,"href":"https:\/\/fondationguidomolinari.org\/en\/wp-json\/wp\/v2\/pages\/17\/revisions\/9761"}],"up":[{"embeddable":true,"href":"https:\/\/fondationguidomolinari.org\/en\/wp-json\/wp\/v2\/pages\/15"}],"wp:attachment":[{"href":"https:\/\/fondationguidomolinari.org\/en\/wp-json\/wp\/v2\/media?parent=17"}],"curies":[{"name":"wp","href":"https:\/\/api.w.org\/{rel}","templated":true}]}}