{"id":10989,"date":"2026-04-10T11:28:51","date_gmt":"2026-04-10T15:28:51","guid":{"rendered":"https:\/\/fondationguidomolinari.org\/en\/?page_id=10989"},"modified":"2026-04-10T11:28:53","modified_gmt":"2026-04-10T15:28:53","slug":"mediation-program-nouveau-regart","status":"publish","type":"page","link":"https:\/\/fondationguidomolinari.org\/en\/mediation-program-nouveau-regart\/","title":{"rendered":"Mediation program: <em>Nouveau regArt<\/em>"},"content":{"rendered":"\n<p><strong>Unveiling of the project: March 30th, 2026, 5 pm &#8211; 7 pm<\/strong><\/p>\n\n\n\n<h2 class=\"wp-block-heading\">Project presentation<\/h2>\n\n\n\n<div class=\"wp-block-columns is-layout-flex wp-container-core-columns-is-layout-9d6595d7 wp-block-columns-is-layout-flex\">\n<div class=\"wp-block-column is-layout-flow wp-block-column-is-layout-flow\" style=\"flex-basis:66.66%\">\n<p>Rooted in both cultural mediation and digital creativity, <em><strong>Nouveau regArt<\/strong><\/em> is a mediation project initiated by the Guido Molinari Foundation. In winter 2026, it brought together young people from various high schools in the Hochelaga-Maisonneuve neighbourhood with the aim of introducing them to the world of museums, collections, and exhibitions. The Foundation\u2019s mediator, Laurence Dupont, welcomed the group each week throughout February and March, offering them a multidisciplinary immersion into the worlds of art and museology, while also creating space to highlight their perspectives on our collections.<\/p>\n<\/div>\n\n\n\n<div class=\"wp-block-column is-layout-flow wp-block-column-is-layout-flow\" style=\"flex-basis:33.33%\"><style>.kb-image10989_bbd54a-a6 .kb-image-has-overlay:after{opacity:0.3;}<\/style>\n<figure class=\"wp-block-kadence-image kb-image10989_bbd54a-a6 size-full\"><img decoding=\"async\" src=\"https:\/\/fondationguidomolinari.org\/wp-content\/uploads\/2026\/03\/Visuels-site-web-1.jpg\" alt=\"\" class=\"kb-img wp-image-11875\"\/><\/figure>\n<\/div>\n<\/div>\n\n\n\n<p>Participants had the opportunity to discover our museum collection, visit our storage facilities, learn how to write about different artworks, experiment with a printmaking technique, create their own artwork, and gain a full understanding of the exhibition-making process. This was made possible through the support of the Foundation team and professionals from the artistic and museum fields, including artist Marianne Charlebois.<\/p>\n\n\n\n<p>Their project is integrated into our permanent collection exhibition <a href=\"https:\/\/fondationguidomolinari.org\/en\/fernande-saint-martin-and-guido-molinari-a-life-in-teaching\/\" target=\"_blank\" rel=\"noreferrer noopener\"><em>Faire \u00e9cole<\/em><\/a>, which highlights the pedagogical legacy of Fernande Saint-Martin and Guido Molinari, thus offering an ideal space for experimentation for young participants. They contributed in various ways: adding display cases, artworks, labels, and texts. The project is also accompanied by a publication featuring all the texts written by the group. You can read the participants\u2019 texts about Molinari\u2019s works on our <a href=\"https:\/\/collections-fondationguidomolinari.org\/publication\/7\" target=\"_blank\" rel=\"noreferrer noopener\">Collections Portal.<\/a><\/p>\n\n\n\n<p><strong>The results of the project can be viewed until April 12th, 2026.<\/strong><\/p>\n\n\n\n<p>The curators\/artists of the program:<\/p>\n\n\n\n<p><strong>Aim\u00e9e Dumontier<\/strong><br><strong>Lila Ringuet Germain<\/strong><br><strong>Malena Gagnon<\/strong><br><strong>Marilou Nadeau<\/strong><br><strong>Maude Boulais<\/strong><br><strong>M\u00e9liyah Desgagn\u00e9s<\/strong><br><strong>Nathan Jett\u00e9<\/strong><\/p>\n\n\n\n<hr class=\"wp-block-separator has-alpha-channel-opacity\"\/>\n\n\n\n<p>Thanks to all the participants of the project:<\/p>\n\n\n\n<p>Marie-Eve Beaupr\u00e9, Camille B\u00e9dard, Marianne Charlebois, Richard Gagnier, Andr\u00e9anne Godin, V\u00e9ronique Laniel, Alexandre Major-Forest and Julie Pelletier.<\/p>\n\n\n\n<p>The Guido Molinari Foundation wishes to thank the team at the Centre communautaire Hochelaga, at the Biblioth\u00e8que Maisonneuve and at L\u2019Imprimerie, centre d\u2019artistes for their contribution to the program.<\/p>\n\n\n\n<p>This project was made possible by the program <em>Participation culturelle dans les quartiers<\/em> from the City of Montreal.<\/p>\n\n\n<style>.kb-image10989_8c0e84-ef .kb-image-has-overlay:after{opacity:0.3;}<\/style>\n<div class=\"wp-block-kadence-image kb-image10989_8c0e84-ef\"><figure class=\"aligncenter size-medium\"><img decoding=\"async\" src=\"https:\/\/fondationguidomolinari.org\/wp-content\/uploads\/2025\/02\/27591_Logo_Entente_MTL-QC_4c_horiz-600x81.png\" alt=\"\" class=\"kb-img wp-image-11157\"\/><\/figure><\/div>\n<input class=\"fooboxshare_post_id\" type=\"hidden\" value=\"10989\"\/>","protected":false},"excerpt":{"rendered":"<p>Unveiling of the project: March 30th, 2026, 5 pm &#8211; 7 pm Project presentation Rooted in both cultural mediation and digital creativity, Nouveau regArt is a mediation project initiated by the Guido Molinari Foundation. In winter 2026, it brought together young people from various high schools in the Hochelaga-Maisonneuve neighbourhood with the aim of introducing &#8230; <\/p>\n<p class=\"read-more-container\"><a title=\"Mediation program: Nouveau regArt\" class=\"read-more button\" href=\"https:\/\/fondationguidomolinari.org\/en\/mediation-program-nouveau-regart\/#more-10989\" aria-label=\"Read more about Mediation program: Nouveau regArt\">Read more<\/a><\/p>\n","protected":false},"author":7,"featured_media":0,"parent":0,"menu_order":0,"comment_status":"closed","ping_status":"closed","template":"","meta":{"_acf_changed":false,"_seopress_robots_primary_cat":"","_seopress_titles_title":"","_seopress_titles_desc":"","_seopress_robots_index":"","inline_featured_image":false,"_kad_blocks_custom_css":"","_kad_blocks_head_custom_js":"","_kad_blocks_body_custom_js":"","_kad_blocks_footer_custom_js":"","ngg_post_thumbnail":0,"footnotes":""},"class_list":["post-10989","page","type-page","status-publish"],"acf":[],"taxonomy_info":[],"featured_image_src_large":false,"author_info":{"display_name":"Fondation Guido Molinari","author_link":"https:\/\/fondationguidomolinari.org\/en"},"comment_info":0,"_links":{"self":[{"href":"https:\/\/fondationguidomolinari.org\/en\/wp-json\/wp\/v2\/pages\/10989","targetHints":{"allow":["GET"]}}],"collection":[{"href":"https:\/\/fondationguidomolinari.org\/en\/wp-json\/wp\/v2\/pages"}],"about":[{"href":"https:\/\/fondationguidomolinari.org\/en\/wp-json\/wp\/v2\/types\/page"}],"author":[{"embeddable":true,"href":"https:\/\/fondationguidomolinari.org\/en\/wp-json\/wp\/v2\/users\/7"}],"replies":[{"embeddable":true,"href":"https:\/\/fondationguidomolinari.org\/en\/wp-json\/wp\/v2\/comments?post=10989"}],"version-history":[{"count":2,"href":"https:\/\/fondationguidomolinari.org\/en\/wp-json\/wp\/v2\/pages\/10989\/revisions"}],"predecessor-version":[{"id":10991,"href":"https:\/\/fondationguidomolinari.org\/en\/wp-json\/wp\/v2\/pages\/10989\/revisions\/10991"}],"wp:attachment":[{"href":"https:\/\/fondationguidomolinari.org\/en\/wp-json\/wp\/v2\/media?parent=10989"}],"curies":[{"name":"wp","href":"https:\/\/api.w.org\/{rel}","templated":true}]}}